{"id":5826,"date":"2024-11-19T11:03:29","date_gmt":"2024-11-19T10:03:29","guid":{"rendered":"https:\/\/breeder.lanrel.eu\/?page_id=5826"},"modified":"2025-07-08T12:11:24","modified_gmt":"2025-07-08T10:11:24","slug":"breeders-club-3","status":"publish","type":"page","link":"https:\/\/www.breeder.lanrel.eu\/pl\/breeders-club-3\/","title":{"rendered":"Breeders Club1"},"content":{"rendered":"<div data-elementor-type=\"wp-page\" data-elementor-id=\"5826\" class=\"elementor elementor-5826\" data-elementor-post-type=\"page\">\n\t\t\t\t<div class=\"elementor-element elementor-element-a0e7813 e-flex e-con-boxed e-con e-parent\" data-id=\"a0e7813\" data-element_type=\"container\">\n\t\t\t\t\t<div class=\"e-con-inner\">\n\t\t\t\t<div class=\"elementor-element elementor-element-5989fcf elementor-widget elementor-widget-wpforms\" data-id=\"5989fcf\" data-element_type=\"widget\" data-widget_type=\"wpforms.default\">\n\t\t\t\t<div class=\"elementor-widget-container\">\n\t\t\t\t\t<div class=\"wpforms-container wpforms-container-full wpforms-render-modern\" id=\"wpforms-5828\"><form id=\"wpforms-form-5828\" class=\"wpforms-validate wpforms-form wpforms-ajax-form\" data-formid=\"5828\" method=\"post\" enctype=\"multipart\/form-data\" action=\"\/pl\/wp-json\/wp\/v2\/pages\/5826\" data-token=\"15a74afe490a78dd8387ca084dc38cab\" data-token-time=\"1777532543\" data-trp-original-action=\"\/pl\/wp-json\/wp\/v2\/pages\/5826\"><noscript class=\"wpforms-error-noscript\">Aby wype\u0142ni\u0107 ten formularz, w\u0142\u0105cz obs\u0142ug\u0119 JavaScript w przegl\u0105darce.<\/noscript><div id=\"wpforms-error-noscript\" style=\"display: none;\">Aby wype\u0142ni\u0107 ten formularz, w\u0142\u0105cz obs\u0142ug\u0119 JavaScript w przegl\u0105darce.<\/div><div class=\"wpforms-field-container\"><div id=\"wpforms-5828-field_2-container\" class=\"wpforms-field wpforms-field-name\" data-field-id=\"2\"><label class=\"wpforms-field-label\" for=\"wpforms-5828-field_2\">\u540d\u79f0 <span class=\"wpforms-required-label\" aria-hidden=\"true\">*<\/span><\/label><input type=\"text\" id=\"wpforms-5828-field_2\" class=\"wpforms-field-medium wpforms-field-required\" name=\"wpforms[fields][2]\" aria-errormessage=\"wpforms-5828-field_2-error\" required><\/div><div id=\"wpforms-5828-field_3-container\" class=\"wpforms-field wpforms-field-email\" data-field-id=\"3\"><label class=\"wpforms-field-label\" for=\"wpforms-5828-field_3\">\u7535\u90ae <span class=\"wpforms-required-label\" aria-hidden=\"true\">*<\/span><\/label><input type=\"email\" id=\"wpforms-5828-field_3\" class=\"wpforms-field-medium wpforms-field-required\" name=\"wpforms[fields][3]\" spellcheck=\"false\" aria-errormessage=\"wpforms-5828-field_3-error\" required><\/div>\t\t<div id=\"wpforms-5828-field_1-container\"\n\t\t\tclass=\"wpforms-field wpforms-field-text\"\n\t\t\tdata-field-type=\"text\"\n\t\t\tdata-field-id=\"1\"\n\t\t\t>\n\t\t\t<label class=\"wpforms-field-label\" for=\"wpforms-5828-field_1\" >\u8054\u7cfb\u7535\u8bdd \u7535\u90ae \u5c45\u4f4f\u5730\u5740<\/label>\n\t\t\t<input type=\"text\" id=\"wpforms-5828-field_1\" class=\"wpforms-field-medium\" name=\"wpforms[fields][1]\" >\n\t\t<\/div>\n\t\t<div id=\"wpforms-5828-field_4-container\" class=\"wpforms-field wpforms-field-text\" data-field-id=\"4\"><label class=\"wpforms-field-label\" for=\"wpforms-5828-field_4\">\u5c45\u4f4f\u5730\u5740<\/label><input type=\"text\" id=\"wpforms-5828-field_4\" class=\"wpforms-field-medium\" name=\"wpforms[fields][4]\" aria-errormessage=\"wpforms-5828-field_4-error\" ><\/div><div id=\"wpforms-5828-field_5-container\" class=\"wpforms-field wpforms-field-text\" data-field-id=\"5\"><label class=\"wpforms-field-label\" for=\"wpforms-5828-field_5\">\u90ae\u653f\u7f16\u7801<\/label><input type=\"text\" id=\"wpforms-5828-field_5\" class=\"wpforms-field-medium\" name=\"wpforms[fields][5]\" aria-errormessage=\"wpforms-5828-field_5-error\" ><\/div><div id=\"wpforms-5828-field_6-container\" class=\"wpforms-field wpforms-field-text\" data-field-id=\"6\"><label class=\"wpforms-field-label\" for=\"wpforms-5828-field_6\">\u57ce\u5e02<\/label><input type=\"text\" id=\"wpforms-5828-field_6\" class=\"wpforms-field-medium\" name=\"wpforms[fields][6]\" aria-errormessage=\"wpforms-5828-field_6-error\" ><\/div><div id=\"wpforms-5828-field_7-container\" class=\"wpforms-field wpforms-field-text\" data-field-id=\"7\"><label class=\"wpforms-field-label\" for=\"wpforms-5828-field_7\">\u8054\u7cfb\u7535\u8bdd<\/label><input type=\"text\" id=\"wpforms-5828-field_7\" class=\"wpforms-field-medium\" name=\"wpforms[fields][7]\" aria-errormessage=\"wpforms-5828-field_7-error\" ><\/div><script>\n\t\t\t\t( function() {\n\t\t\t\t\tconst style = document.createElement( 'style' );\n\t\t\t\t\tstyle.appendChild( document.createTextNode( '#wpforms-5828-field_1-container { position: absolute !important; overflow: hidden !important; display: inline !important; height: 1px !important; width: 1px !important; z-index: -1000 !important; padding: 0 !important; } #wpforms-5828-field_1-container input { visibility: hidden; } #wpforms-conversational-form-page #wpforms-5828-field_1-container label { counter-increment: none; }' ) );\n\t\t\t\t\tdocument.head.appendChild( style );\n\t\t\t\t\tdocument.currentScript?.remove();\n\t\t\t\t} )();\n\t\t\t<\/script><\/div><!-- .wpforms-field-container --><div class=\"wpforms-submit-container\" ><input type=\"hidden\" name=\"wpforms[id]\" value=\"5828\"><input type=\"hidden\" name=\"page_title\" value=\"\"><input type=\"hidden\" name=\"page_url\" value=\"https:\/\/www.breeder.lanrel.eu\/pl\/wp-json\/wp\/v2\/pages\/5826\"><input type=\"hidden\" name=\"url_referer\" value=\"\"><button type=\"submit\" name=\"wpforms[submit]\" id=\"wpforms-submit-5828\" class=\"wpforms-submit\" data-alt-text=\"\u53d1\u9001\u4e2d\u2026\" data-submit-text=\"\u63d0\u4ea4\u8bc4\u8bba\" aria-live=\"assertive\" value=\"wpforms-submit\">\u63d0\u4ea4\u8bc4\u8bba<\/button><img decoding=\"async\" src=\"https:\/\/www.breeder.lanrel.eu\/wp-content\/plugins\/wpforms-lite\/assets\/images\/submit-spin.svg\" class=\"wpforms-submit-spinner\" style=\"display: none;\" width=\"26\" height=\"26\" alt=\"Wczytywanie\"><\/div><input type=\"hidden\" name=\"trp-form-language\" value=\"pl\"\/><\/form><\/div>  <!-- .wpforms-container -->\t\t\t\t<\/div>\n\t\t\t\t<\/div>\n\t\t\t\t\t<\/div>\n\t\t\t\t<\/div>\n\t\t\t\t<\/div>","protected":false},"excerpt":{"rendered":"<p>\u8bf7\u5728\u6d4f\u89c8\u5668\u4e2d\u542f\u7528JavaScript\u6765\u5b8c\u6210\u6b64\u8868\u5355\u3002\u8bf7\u5728\u6d4f\u89c8\u5668\u4e2d\u542f\u7528JavaScript\u6765\u5b8c\u6210\u6b64\u8868\u5355\u3002\u540d\u79f0 *\u7535\u90ae *\u5c45\u4f4f\u5730\u5740\u90ae\u653f\u7f16\u7801\u57ce\u5e02\u8054\u7cfb\u7535\u8bdd \u63d0\u4ea4\u8bc4\u8bba<\/p>","protected":false},"author":1,"featured_media":0,"parent":0,"menu_order":0,"comment_status":"closed","ping_status":"closed","template":"","meta":{"om_disable_all_campaigns":false,"inline_featured_image":false,"footnotes":""},"class_list":["post-5826","page","type-page","status-publish","hentry"],"_links":{"self":[{"href":"https:\/\/www.breeder.lanrel.eu\/pl\/wp-json\/wp\/v2\/pages\/5826","targetHints":{"allow":["GET"]}}],"collection":[{"href":"https:\/\/www.breeder.lanrel.eu\/pl\/wp-json\/wp\/v2\/pages"}],"about":[{"href":"https:\/\/www.breeder.lanrel.eu\/pl\/wp-json\/wp\/v2\/types\/page"}],"author":[{"embeddable":true,"href":"https:\/\/www.breeder.lanrel.eu\/pl\/wp-json\/wp\/v2\/users\/1"}],"replies":[{"embeddable":true,"href":"https:\/\/www.breeder.lanrel.eu\/pl\/wp-json\/wp\/v2\/comments?post=5826"}],"version-history":[{"count":8,"href":"https:\/\/www.breeder.lanrel.eu\/pl\/wp-json\/wp\/v2\/pages\/5826\/revisions"}],"predecessor-version":[{"id":6245,"href":"https:\/\/www.breeder.lanrel.eu\/pl\/wp-json\/wp\/v2\/pages\/5826\/revisions\/6245"}],"wp:attachment":[{"href":"https:\/\/www.breeder.lanrel.eu\/pl\/wp-json\/wp\/v2\/media?parent=5826"}],"curies":[{"name":"wp","href":"https:\/\/api.w.org\/{rel}","templated":true}]}}