{"id":5415,"date":"2024-10-25T04:29:52","date_gmt":"2024-10-24T20:29:52","guid":{"rendered":"https:\/\/breeder.lanrel.eu\/?post_type=product&#038;p=5415"},"modified":"2026-04-05T13:20:41","modified_gmt":"2026-04-05T11:20:41","slug":"fukumaru-mieszany-zwirek-dla-kota-o-zapachu-bialej-herbaty-2-7-kg-6-lb","status":"publish","type":"product","link":"https:\/\/www.breeder.lanrel.eu\/pl\/produkt\/fukumaru-mieszany-zwirek-dla-kota-o-zapachu-bialej-herbaty-2-7-kg-6-lb\/","title":{"rendered":"FUKUMARU Mixed Cat Litter (White tea)  4*2.7 kg\/6 LB \uff08 4 Package\uff09"},"content":{"rendered":"<h1>G\u0142o\u0301wne cechy:<\/h1>\n<p>* Perfumowany naturalnymi substancjami zapachowymi, antybakteryjny i bezpieczny<\/p>\n<p>*Rozpuszczaja\u0328ce sie\u0328 w p\u0142ynie kapsu\u0142ki uwalniaja\u0328 s\u0301wiez\u0307y zapach w miare\u0328 uz\u0307ytkowania z\u0307wirku. Ulubiony zapach 50 000 w\u0142as\u0301cicieli koto\u0301w<\/p>\n<p>* Delikatny i umiarkowany zapach, moz\u0307e byc\u0301 bezpiecznie uz\u0307ywany dla kocia\u0328t, idealny dla koto\u0301w i w\u0142as\u0301cicieli cierpia\u0328cych na alergie<\/p>\n<p>* Small carbon beads for deodorization\uff0cNanoscale fragrance, 15-day Long-Lasting Deodorization.<\/p>\n<p>* Dzi\u0119ki dok\u0142adnemu , 5-etapowemu procesowi odsiewania py\u0142u i zwi\u0119kszonej zawarto\u015bci ziaren sojowych gwarantujemy poziom pylenia \u017cwirku mniejszy ni\u017c 5%<\/p>\n<p>* 20 milion\u00f3w opakowa\u0144 sprzedanych globalnie pozycjonuje ten produkt na 1 miejscu pod wzgl\u0119dem zadowolenia klient\u00f3w, cz\u0119stotliwo\u015bci sprzeda\u017cy i powt\u00f3rnych zam\u00f3wie\u0144. Ten \u017cwirek jest nasz\u0105 najlepiej sprzedaj\u0105c\u0105 si\u0119 lini\u0105 produkt\u00f3w.<\/p>\n<div class=\"page\" title=\"\u7b2c 9 \u9875\">\n<div class=\"layoutArea\">\n<div class=\"column\">\n<div class=\"page\" title=\"\u7b2c 9 \u9875\">\n<div class=\"layoutArea\">\n<div class=\"column\">\n<h1>Opis produktu<\/h1>\n<p>&nbsp;<\/p>\n<p><img decoding=\"async\" src=\"https:\/\/m.media-amazon.com\/images\/S\/aplus-media-library-service-media\/7b99b9f0-f929-4511-bb0f-cac16afaff33.__CR0,0,1464,600_PT0_SX1464_V1___.jpg\" alt=\"CL05-3\" \/><\/p>\n<p><img decoding=\"async\" src=\"https:\/\/m.media-amazon.com\/images\/S\/aplus-media-library-service-media\/d370be39-aa30-49bb-91df-61ed07763b2b.__CR0,0,1464,600_PT0_SX1464_V1___.jpg\" alt=\"CL05-3\" \/><\/p>\n<p><img decoding=\"async\" src=\"https:\/\/m.media-amazon.com\/images\/S\/aplus-media-library-service-media\/6b7302ef-20a1-42bb-9001-0cabfc8dc78a.__CR0,0,1464,600_PT0_SX1464_V1___.jpg\" alt=\"\u8c46\u8150\u732b\u7802\" \/><\/p>\n<p><img decoding=\"async\" src=\"https:\/\/m.media-amazon.com\/images\/S\/aplus-media-library-service-media\/cd7f0b0a-804b-47b9-bcb7-bfba27f62742.__CR0,0,1464,600_PT0_SX1464_V1___.jpg\" alt=\"\u8c46\u8150\u732b\u7802\" \/><\/p>\n<p><img decoding=\"async\" src=\"https:\/\/m.media-amazon.com\/images\/S\/aplus-media-library-service-media\/1cd501e0-3f11-472a-b7a4-5cbb8e0deaa8.__CR0,0,1464,600_PT0_SX1464_V1___.jpg\" alt=\"\u8c46\u8150\u732b\u7802\" \/><\/p>\n<p><img decoding=\"async\" src=\"https:\/\/m.media-amazon.com\/images\/S\/aplus-media-library-service-media\/e3f69661-09d7-4719-a178-99d155786885.__CR0,0,1464,600_PT0_SX1464_V1___.jpg\" alt=\"\u8c46\u8150\u732b\u7802\" \/><\/p>\n<p>&nbsp;<\/p>\n<\/div>\n<\/div>\n<\/div>\n<\/div>\n<\/div>\n<\/div>","protected":false},"excerpt":{"rendered":"<p>Informacje o produkcie:<\/p>\n<p>Dla jakiego pupila: Kot<\/p>\n<p>Zapach: Bia\u0142ej Herbaty<\/p>\n<p>Faza \u017cycia: Wszystkie etapy \u017cycia<\/p>\n<p>Kraj pochodzenia: Chiny<\/p>\n<p>Waga: 2.7 kg \/ 6 LB<\/p>\n<p>Zawarto\u015b\u0107: \u017cwirek tofu mieszany z bentonitem<\/p>\n<div class=\"page\" title=\"Page 1\">\n<div class=\"layoutArea\">\n<div class=\"column\">\n<p>Ingredient analysis :<\/p>\n<\/div>\n<\/div>\n<\/div>\n<p>70% tofu , 30% bentonite, small carbon beads for deodorization<\/p>\n<p>Okres przechowywania: 2 lata<\/p>","protected":false},"featured_media":5399,"comment_status":"open","ping_status":"closed","template":"","meta":{"om_disable_all_campaigns":false,"inline_featured_image":false},"product_brand":[],"product_cat":[35,37],"product_tag":[],"class_list":{"0":"post-5415","1":"product","2":"type-product","3":"status-publish","4":"has-post-thumbnail","6":"product_cat-cat-litter","7":"product_cat-fukumaru","9":"first","10":"instock","11":"taxable","12":"shipping-taxable","13":"product-type-variable","14":"has-default-attributes"},"_links":{"self":[{"href":"https:\/\/www.breeder.lanrel.eu\/pl\/wp-json\/wp\/v2\/product\/5415","targetHints":{"allow":["GET"]}}],"collection":[{"href":"https:\/\/www.breeder.lanrel.eu\/pl\/wp-json\/wp\/v2\/product"}],"about":[{"href":"https:\/\/www.breeder.lanrel.eu\/pl\/wp-json\/wp\/v2\/types\/product"}],"replies":[{"embeddable":true,"href":"https:\/\/www.breeder.lanrel.eu\/pl\/wp-json\/wp\/v2\/comments?post=5415"}],"wp:featuredmedia":[{"embeddable":true,"href":"https:\/\/www.breeder.lanrel.eu\/pl\/wp-json\/wp\/v2\/media\/5399"}],"wp:attachment":[{"href":"https:\/\/www.breeder.lanrel.eu\/pl\/wp-json\/wp\/v2\/media?parent=5415"}],"wp:term":[{"taxonomy":"product_brand","embeddable":true,"href":"https:\/\/www.breeder.lanrel.eu\/pl\/wp-json\/wp\/v2\/product_brand?post=5415"},{"taxonomy":"product_cat","embeddable":true,"href":"https:\/\/www.breeder.lanrel.eu\/pl\/wp-json\/wp\/v2\/product_cat?post=5415"},{"taxonomy":"product_tag","embeddable":true,"href":"https:\/\/www.breeder.lanrel.eu\/pl\/wp-json\/wp\/v2\/product_tag?post=5415"}],"curies":[{"name":"wp","href":"https:\/\/api.w.org\/{rel}","templated":true}]}}