{"id":6061,"date":"2024-12-10T20:14:33","date_gmt":"2024-12-10T19:14:33","guid":{"rendered":"https:\/\/breeder.lanrel.eu\/?post_type=product&#038;p=6061"},"modified":"2026-04-05T13:20:19","modified_gmt":"2026-04-05T11:20:19","slug":"mixed-cat-litter-polymer-sap-10-kg","status":"publish","type":"product","link":"https:\/\/www.breeder.lanrel.eu\/pl\/produkt\/mixed-cat-litter-polymer-sap-10-kg\/","title":{"rendered":"Mixed Cat Litter (Polymer SAP) 10 kg"},"content":{"rendered":"<h1>G\u0142o\u0301wne cechy:<\/h1>\n<p>* 170 razy bardziej ch\u0142onna formu\u0142a SAP u\u0142atwiaj\u0105ca wybieranie grudek z kuwety<\/p>\n<p>* super absorpcyjne polimery szybko wch\u0142aniaj\u0105 i wi\u0105\u017c\u0105 p\u0142yny zabezpieczaj\u0105c przed przyleganiem bry\u0142ek do powierzchni kuwety<\/p>\n<p>* Ma\u0142e grudki i szybkie zlepianie, oszcz\u0119dno\u015b\u0107 u\u017cytkowania, oko\u0142o 10% w por\u00f3wnaniu do czystego \u017cwirku tofu dla kot\u00f3w. Idealny dla rodzin wielokotnych i du\u017cych kot\u00f3w, bardzo op\u0142acalny.<\/p>\n<p>* Nadaje si\u0119 dla koci\u0105t<\/p>\n<p>* Superabsorbuj\u0105cy materia\u0142 polimerowy zawiera w\u0119giel aktywny i proszek bambusowy, kt\u00f3ry mo\u017ce dezodoryzowa\u0107 znacznie wydajniej. Podczas gdy \u015bci\u00f3\u0142ka z tofu dodaje zapach bia\u0142ej herbaty, uwalnia \u015bwie\u017cy i elegancki lekki zapach w wodzie.<\/p>\n<p>*\u017bwirek FUKUMARU jest idealny zar\u00f3wno dla ludzi jak i dla kot\u00f3w cierpi\u0105cych na alergie z uwagi na prawie 99,9 procentow\u0105 bezpy\u0142owo\u015b\u0107 i hypoalergiczny sk\u0142ad<\/p>\n<p>* Polimer u\u017cywany w \u017cwirku jest podobny do polimer\u00f3w u\u017cywanych w pieluchach dla niemowl\u0105t - wysoko absorpcyjny, naturalny i bezpieczny<\/p>\n<p>* Biodegradowaln\u0105 \u015bci\u00f3\u0142k\u0119 mo\u017cna ponownie wykorzysta\u0107 do nawo\u017cenia gleby, nie martwi\u0105c si\u0119 o zanieczyszczenie.<\/p>\n<p>&nbsp;<\/p>\n<h1>Opis produktu<\/h1>\n<p><img decoding=\"async\" src=\"https:\/\/m.media-amazon.com\/images\/S\/aplus-media-library-service-media\/b4c42598-3875-4dcf-8a5d-a61d57d2ea4a.__CR0,0,1464,600_PT0_SX1464_V1___.jpg\" alt=\"\u732b\u7802\" \/><\/p>\n<p><img decoding=\"async\" src=\"https:\/\/m.media-amazon.com\/images\/S\/aplus-media-library-service-media\/7fc7c20a-834a-4e65-9c85-0f7ce0a5ab52.__CR0,0,1464,600_PT0_SX1464_V1___.jpg\" alt=\"\u732b\u7802\" \/><img decoding=\"async\" src=\"https:\/\/m.media-amazon.com\/images\/S\/aplus-media-library-service-media\/5d004cfa-3cce-49f8-ba91-d83015f4aa5e.__CR0,0,1464,600_PT0_SX1464_V1___.jpg\" alt=\"\u732b\u7802\" \/><img decoding=\"async\" src=\"https:\/\/m.media-amazon.com\/images\/S\/aplus-media-library-service-media\/12c38e64-b542-44e3-855e-d4c8c9fed0de.__CR0,0,1464,600_PT0_SX1464_V1___.jpg\" alt=\"\u732b\u7802\" \/><img decoding=\"async\" src=\"https:\/\/m.media-amazon.com\/images\/S\/aplus-media-library-service-media\/61ae2326-c73a-4f27-a8d6-c6cc40c2598e.__CR0,0,1464,600_PT0_SX1464_V1___.jpg\" alt=\"\u732b\u7802\" \/><img decoding=\"async\" src=\"https:\/\/m.media-amazon.com\/images\/S\/aplus-media-library-service-media\/05d36384-0cf1-476e-8e56-8a06abc5950f.__CR0,0,1464,600_PT0_SX1464_V1___.jpg\" alt=\"\u732b\u7802\" \/><img decoding=\"async\" src=\"https:\/\/m.media-amazon.com\/images\/S\/aplus-media-library-service-media\/c113a68b-44fa-44f6-9e62-f29b0ac1b024.__CR0,0,1464,600_PT0_SX1464_V1___.jpg\" alt=\"\u732b\u7802\" \/><\/p>\n<p>&nbsp;<\/p>","protected":false},"excerpt":{"rendered":"<p>Informacje o produkcie:<\/p>\n<p>Dla jakiego pupila: Kot<\/p>\n<p>Zapach: Bia\u0142ej Herbaty<\/p>\n<p>Faza \u017cycia: Wszystkie etapy \u017cycia<\/p>\n<p>Kraj pochodzenia: Chiny<\/p>\n<p>Waga netto\uff1a10kg<\/p>\n<p>Zawarto\u015b\u0107: \u017bwirek dla kota tofu zmieszany z polimerem SAP<\/p>\n<div class=\"page\" title=\"Page 1\">\n<div class=\"layoutArea\">\n<div class=\"column\">\n<p>Sk\u0142ad<\/p>\n<\/div>\n<\/div>\n<\/div>\n<div class=\"page\" title=\"Page 1\">\n<div class=\"layoutArea\">\n<div class=\"column\">\n<p>80 % w\u0142\u00f3knami fasoli<\/p>\n<div class=\"page\" title=\"Page 1\">\n<div class=\"layoutArea\">\n<div class=\"column\">\n<p>20% of macromolecular sand<\/p>\n<\/div>\n<\/div>\n<\/div>\n<\/div>\n<\/div>\n<\/div>\n<p>Okres przechowywania: 2 lata<\/p>\n<p>&nbsp;<\/p>","protected":false},"featured_media":6386,"comment_status":"open","ping_status":"closed","template":"","meta":{"om_disable_all_campaigns":false,"inline_featured_image":false},"product_brand":[],"product_cat":[35,37],"product_tag":[],"class_list":{"0":"post-6061","1":"product","2":"type-product","3":"status-publish","4":"has-post-thumbnail","6":"product_cat-cat-litter","7":"product_cat-fukumaru","9":"first","10":"instock","11":"taxable","12":"shipping-taxable","13":"product-type-simple"},"_links":{"self":[{"href":"https:\/\/www.breeder.lanrel.eu\/pl\/wp-json\/wp\/v2\/product\/6061","targetHints":{"allow":["GET"]}}],"collection":[{"href":"https:\/\/www.breeder.lanrel.eu\/pl\/wp-json\/wp\/v2\/product"}],"about":[{"href":"https:\/\/www.breeder.lanrel.eu\/pl\/wp-json\/wp\/v2\/types\/product"}],"replies":[{"embeddable":true,"href":"https:\/\/www.breeder.lanrel.eu\/pl\/wp-json\/wp\/v2\/comments?post=6061"}],"wp:featuredmedia":[{"embeddable":true,"href":"https:\/\/www.breeder.lanrel.eu\/pl\/wp-json\/wp\/v2\/media\/6386"}],"wp:attachment":[{"href":"https:\/\/www.breeder.lanrel.eu\/pl\/wp-json\/wp\/v2\/media?parent=6061"}],"wp:term":[{"taxonomy":"product_brand","embeddable":true,"href":"https:\/\/www.breeder.lanrel.eu\/pl\/wp-json\/wp\/v2\/product_brand?post=6061"},{"taxonomy":"product_cat","embeddable":true,"href":"https:\/\/www.breeder.lanrel.eu\/pl\/wp-json\/wp\/v2\/product_cat?post=6061"},{"taxonomy":"product_tag","embeddable":true,"href":"https:\/\/www.breeder.lanrel.eu\/pl\/wp-json\/wp\/v2\/product_tag?post=6061"}],"curies":[{"name":"wp","href":"https:\/\/api.w.org\/{rel}","templated":true}]}}