{"id":6144,"date":"2025-04-18T21:37:33","date_gmt":"2025-04-18T19:37:33","guid":{"rendered":"https:\/\/breeder.lanrel.eu\/?post_type=product&#038;p=6144"},"modified":"2026-04-05T13:19:45","modified_gmt":"2026-04-05T11:19:45","slug":"fukumaru-tofu-cat-litter-green-tea-scent-10-kg","status":"publish","type":"product","link":"https:\/\/www.breeder.lanrel.eu\/pl\/produkt\/fukumaru-tofu-cat-litter-green-tea-scent-10-kg\/","title":{"rendered":"FUKUMARU Tofu Cat Litter (Green Tea Scent) 10 kg"},"content":{"rendered":"<h1>G\u0142o\u0301wne cechy:<\/h1>\n<p>* Plant deodorization, tea polyphenols continue to inhibit bacteria. Fresh green tea fragrance, does not stimulate pet&#8217;s sense of smell.<\/p>\n<p>* \u017bwirek o du\u017cej szybko\u015bci wch\u0142aniania -1,5 sekundy i du\u017cej szybko\u015bci zbrylania do 3 sekund. szybka wch\u0142anialno\u015b\u0107 osi\u0105gni\u0119ta dzi\u0119ki porowatym w\u0142\u00f3knom ro\u015blinnym<\/p>\n<p>* Tofu cat Litter with green tea, composed of 100% natural plant-based ingredients, no safety issues will arise if cats accidentally eat a small amount.<\/p>\n<p>* Dzi\u0119ki 5 etapowemu procesowi odsiewania py\u0142u i zwi\u0119kszonej ilo\u015bci ziaren sojowych gwarantujemy poziom pylenia \u017cwirku mniejszy ni\u017c 5%<\/p>\n<p>* \u017bwirek tofu jest biodegradowalny i bezpieczny dla \u015brodowiska. Mo\u017cna go wyrzuca\u0107 na kompostownik -nie przyczynia si\u0119 do zanieczyszczenia \u015brodowiska.<\/p>\n<h1>Opis produktu<\/h1>\n<p>&nbsp;<\/p>\n<p>&nbsp;<\/p>\n<p><img fetchpriority=\"high\" decoding=\"async\" class=\"size-large wp-image-6158 aligncenter\" src=\"http:\/\/breeder.lanrel.eu\/wp-content\/uploads\/2025\/04\/\u7eff\u8336\u8c46\u8150\u6d77\u5916_02.jpg\" alt=\"\" width=\"750\" height=\"781\" srcset=\"https:\/\/www.breeder.lanrel.eu\/wp-content\/uploads\/2025\/04\/\u7eff\u8336\u8c46\u8150\u6d77\u5916_02.jpg 750w, https:\/\/www.breeder.lanrel.eu\/wp-content\/uploads\/2025\/04\/\u7eff\u8336\u8c46\u8150\u6d77\u5916_02-288x300.jpg 288w, https:\/\/www.breeder.lanrel.eu\/wp-content\/uploads\/2025\/04\/\u7eff\u8336\u8c46\u8150\u6d77\u5916_02-12x12.jpg 12w, https:\/\/www.breeder.lanrel.eu\/wp-content\/uploads\/2025\/04\/\u7eff\u8336\u8c46\u8150\u6d77\u5916_02-70x73.jpg 70w, https:\/\/www.breeder.lanrel.eu\/wp-content\/uploads\/2025\/04\/\u7eff\u8336\u8c46\u8150\u6d77\u5916_02-600x625.jpg 600w\" sizes=\"(max-width: 750px) 100vw, 750px\" \/> <img decoding=\"async\" class=\"alignnone size-large wp-image-6159\" src=\"http:\/\/breeder.lanrel.eu\/wp-content\/uploads\/2025\/04\/\u7eff\u8336\u8c46\u8150\u6d77\u5916_03-543x1024.jpg\" alt=\"\" width=\"543\" height=\"1024\" srcset=\"https:\/\/www.breeder.lanrel.eu\/wp-content\/uploads\/2025\/04\/\u7eff\u8336\u8c46\u8150\u6d77\u5916_03-543x1024.jpg 543w, https:\/\/www.breeder.lanrel.eu\/wp-content\/uploads\/2025\/04\/\u7eff\u8336\u8c46\u8150\u6d77\u5916_03-159x300.jpg 159w, https:\/\/www.breeder.lanrel.eu\/wp-content\/uploads\/2025\/04\/\u7eff\u8336\u8c46\u8150\u6d77\u5916_03-6x12.jpg 6w, https:\/\/www.breeder.lanrel.eu\/wp-content\/uploads\/2025\/04\/\u7eff\u8336\u8c46\u8150\u6d77\u5916_03-600x1131.jpg 600w, https:\/\/www.breeder.lanrel.eu\/wp-content\/uploads\/2025\/04\/\u7eff\u8336\u8c46\u8150\u6d77\u5916_03.jpg 750w\" sizes=\"(max-width: 543px) 100vw, 543px\" \/><img decoding=\"async\" class=\"alignnone wp-image-6160\" src=\"http:\/\/breeder.lanrel.eu\/wp-content\/uploads\/2025\/04\/\u7eff\u8336\u8c46\u8150\u6d77\u5916_04-1-640x1024.jpg\" alt=\"\" width=\"581\" height=\"930\" srcset=\"https:\/\/www.breeder.lanrel.eu\/wp-content\/uploads\/2025\/04\/\u7eff\u8336\u8c46\u8150\u6d77\u5916_04-1-640x1024.jpg 640w, https:\/\/www.breeder.lanrel.eu\/wp-content\/uploads\/2025\/04\/\u7eff\u8336\u8c46\u8150\u6d77\u5916_04-1-188x300.jpg 188w, https:\/\/www.breeder.lanrel.eu\/wp-content\/uploads\/2025\/04\/\u7eff\u8336\u8c46\u8150\u6d77\u5916_04-1-8x12.jpg 8w, https:\/\/www.breeder.lanrel.eu\/wp-content\/uploads\/2025\/04\/\u7eff\u8336\u8c46\u8150\u6d77\u5916_04-1-600x960.jpg 600w, https:\/\/www.breeder.lanrel.eu\/wp-content\/uploads\/2025\/04\/\u7eff\u8336\u8c46\u8150\u6d77\u5916_04-1.jpg 750w\" sizes=\"(max-width: 581px) 100vw, 581px\" \/>\u00a0<img loading=\"lazy\" decoding=\"async\" class=\"alignnone size-large wp-image-6161\" src=\"http:\/\/breeder.lanrel.eu\/wp-content\/uploads\/2025\/04\/\u7eff\u8336\u8c46\u8150\u6d77\u5916_05-2-574x1024.jpg\" alt=\"\" width=\"574\" height=\"1024\" srcset=\"https:\/\/www.breeder.lanrel.eu\/wp-content\/uploads\/2025\/04\/\u7eff\u8336\u8c46\u8150\u6d77\u5916_05-2-574x1024.jpg 574w, https:\/\/www.breeder.lanrel.eu\/wp-content\/uploads\/2025\/04\/\u7eff\u8336\u8c46\u8150\u6d77\u5916_05-2-168x300.jpg 168w, https:\/\/www.breeder.lanrel.eu\/wp-content\/uploads\/2025\/04\/\u7eff\u8336\u8c46\u8150\u6d77\u5916_05-2-7x12.jpg 7w, https:\/\/www.breeder.lanrel.eu\/wp-content\/uploads\/2025\/04\/\u7eff\u8336\u8c46\u8150\u6d77\u5916_05-2-600x1070.jpg 600w, https:\/\/www.breeder.lanrel.eu\/wp-content\/uploads\/2025\/04\/\u7eff\u8336\u8c46\u8150\u6d77\u5916_05-2.jpg 750w\" sizes=\"(max-width: 574px) 100vw, 574px\" \/> <img loading=\"lazy\" decoding=\"async\" class=\"alignnone wp-image-6162\" src=\"http:\/\/breeder.lanrel.eu\/wp-content\/uploads\/2025\/04\/\u7eff\u8336\u8c46\u8150\u6d77\u5916_06-1-646x1024.jpg\" alt=\"\" width=\"531\" height=\"842\" srcset=\"https:\/\/www.breeder.lanrel.eu\/wp-content\/uploads\/2025\/04\/\u7eff\u8336\u8c46\u8150\u6d77\u5916_06-1-646x1024.jpg 646w, https:\/\/www.breeder.lanrel.eu\/wp-content\/uploads\/2025\/04\/\u7eff\u8336\u8c46\u8150\u6d77\u5916_06-1-189x300.jpg 189w, https:\/\/www.breeder.lanrel.eu\/wp-content\/uploads\/2025\/04\/\u7eff\u8336\u8c46\u8150\u6d77\u5916_06-1-8x12.jpg 8w, https:\/\/www.breeder.lanrel.eu\/wp-content\/uploads\/2025\/04\/\u7eff\u8336\u8c46\u8150\u6d77\u5916_06-1-600x950.jpg 600w, https:\/\/www.breeder.lanrel.eu\/wp-content\/uploads\/2025\/04\/\u7eff\u8336\u8c46\u8150\u6d77\u5916_06-1.jpg 750w\" sizes=\"(max-width: 531px) 100vw, 531px\" \/> <img loading=\"lazy\" decoding=\"async\" class=\"alignnone wp-image-6163\" src=\"http:\/\/breeder.lanrel.eu\/wp-content\/uploads\/2025\/04\/\u7eff\u8336\u8c46\u8150\u6d77\u5916_07-1-640x1024.jpg\" alt=\"\" width=\"563\" height=\"901\" srcset=\"https:\/\/www.breeder.lanrel.eu\/wp-content\/uploads\/2025\/04\/\u7eff\u8336\u8c46\u8150\u6d77\u5916_07-1-640x1024.jpg 640w, https:\/\/www.breeder.lanrel.eu\/wp-content\/uploads\/2025\/04\/\u7eff\u8336\u8c46\u8150\u6d77\u5916_07-1-188x300.jpg 188w, https:\/\/www.breeder.lanrel.eu\/wp-content\/uploads\/2025\/04\/\u7eff\u8336\u8c46\u8150\u6d77\u5916_07-1-8x12.jpg 8w, https:\/\/www.breeder.lanrel.eu\/wp-content\/uploads\/2025\/04\/\u7eff\u8336\u8c46\u8150\u6d77\u5916_07-1-600x960.jpg 600w, https:\/\/www.breeder.lanrel.eu\/wp-content\/uploads\/2025\/04\/\u7eff\u8336\u8c46\u8150\u6d77\u5916_07-1.jpg 750w\" sizes=\"(max-width: 563px) 100vw, 563px\" \/> <img loading=\"lazy\" decoding=\"async\" class=\"alignnone wp-image-6164\" src=\"http:\/\/breeder.lanrel.eu\/wp-content\/uploads\/2025\/04\/\u7eff\u8336\u8c46\u8150\u6d77\u5916_08-1.jpg\" alt=\"\" width=\"640\" height=\"733\" srcset=\"https:\/\/www.breeder.lanrel.eu\/wp-content\/uploads\/2025\/04\/\u7eff\u8336\u8c46\u8150\u6d77\u5916_08-1.jpg 750w, https:\/\/www.breeder.lanrel.eu\/wp-content\/uploads\/2025\/04\/\u7eff\u8336\u8c46\u8150\u6d77\u5916_08-1-262x300.jpg 262w, https:\/\/www.breeder.lanrel.eu\/wp-content\/uploads\/2025\/04\/\u7eff\u8336\u8c46\u8150\u6d77\u5916_08-1-10x12.jpg 10w, https:\/\/www.breeder.lanrel.eu\/wp-content\/uploads\/2025\/04\/\u7eff\u8336\u8c46\u8150\u6d77\u5916_08-1-600x687.jpg 600w\" sizes=\"(max-width: 640px) 100vw, 640px\" \/> <img loading=\"lazy\" decoding=\"async\" class=\"alignnone size-large wp-image-6165\" src=\"http:\/\/breeder.lanrel.eu\/wp-content\/uploads\/2025\/04\/\u7eff\u8336\u8c46\u8150\u6d77\u5916_09-1-491x1024.jpg\" alt=\"\" width=\"491\" height=\"1024\" srcset=\"https:\/\/www.breeder.lanrel.eu\/wp-content\/uploads\/2025\/04\/\u7eff\u8336\u8c46\u8150\u6d77\u5916_09-1-491x1024.jpg 491w, https:\/\/www.breeder.lanrel.eu\/wp-content\/uploads\/2025\/04\/\u7eff\u8336\u8c46\u8150\u6d77\u5916_09-1-144x300.jpg 144w, https:\/\/www.breeder.lanrel.eu\/wp-content\/uploads\/2025\/04\/\u7eff\u8336\u8c46\u8150\u6d77\u5916_09-1-736x1536.jpg 736w, https:\/\/www.breeder.lanrel.eu\/wp-content\/uploads\/2025\/04\/\u7eff\u8336\u8c46\u8150\u6d77\u5916_09-1-6x12.jpg 6w, https:\/\/www.breeder.lanrel.eu\/wp-content\/uploads\/2025\/04\/\u7eff\u8336\u8c46\u8150\u6d77\u5916_09-1-600x1252.jpg 600w, https:\/\/www.breeder.lanrel.eu\/wp-content\/uploads\/2025\/04\/\u7eff\u8336\u8c46\u8150\u6d77\u5916_09-1.jpg 750w\" sizes=\"(max-width: 491px) 100vw, 491px\" \/><\/p>","protected":false},"excerpt":{"rendered":"<p>Informacje o produkcie:<\/p>\n<p>Dla jakiego pupila: Kot<\/p>\n<p>Scent: Green Tea<\/p>\n<p>Faza \u017cycia: Wszystkie etapy \u017cycia<\/p>\n<p>Kraj pochodzenia: Chiny<\/p>\n<p>Waga: 10kg<\/p>\n<p>sk\u0142ad: \u017bwirek dla kota tofu<\/p>\n<div class=\"page\" title=\"Page 3\">\n<div class=\"layoutArea\">\n<div class=\"column\">\n<p>Sk\u0142adniki<\/p>\n<p>Pure bean fiber<\/p>\n<\/div>\n<\/div>\n<\/div>\n<p>Okres przechowywania: 2 lata<\/p>\n<p>&nbsp;<\/p>","protected":false},"featured_media":6386,"comment_status":"open","ping_status":"closed","template":"","meta":{"om_disable_all_campaigns":false,"inline_featured_image":false},"product_brand":[],"product_cat":[35,37],"product_tag":[],"class_list":{"0":"post-6144","1":"product","2":"type-product","3":"status-publish","4":"has-post-thumbnail","6":"product_cat-cat-litter","7":"product_cat-fukumaru","9":"first","10":"instock","11":"taxable","12":"shipping-taxable","13":"product-type-simple"},"_links":{"self":[{"href":"https:\/\/www.breeder.lanrel.eu\/pl\/wp-json\/wp\/v2\/product\/6144","targetHints":{"allow":["GET"]}}],"collection":[{"href":"https:\/\/www.breeder.lanrel.eu\/pl\/wp-json\/wp\/v2\/product"}],"about":[{"href":"https:\/\/www.breeder.lanrel.eu\/pl\/wp-json\/wp\/v2\/types\/product"}],"replies":[{"embeddable":true,"href":"https:\/\/www.breeder.lanrel.eu\/pl\/wp-json\/wp\/v2\/comments?post=6144"}],"wp:featuredmedia":[{"embeddable":true,"href":"https:\/\/www.breeder.lanrel.eu\/pl\/wp-json\/wp\/v2\/media\/6386"}],"wp:attachment":[{"href":"https:\/\/www.breeder.lanrel.eu\/pl\/wp-json\/wp\/v2\/media?parent=6144"}],"wp:term":[{"taxonomy":"product_brand","embeddable":true,"href":"https:\/\/www.breeder.lanrel.eu\/pl\/wp-json\/wp\/v2\/product_brand?post=6144"},{"taxonomy":"product_cat","embeddable":true,"href":"https:\/\/www.breeder.lanrel.eu\/pl\/wp-json\/wp\/v2\/product_cat?post=6144"},{"taxonomy":"product_tag","embeddable":true,"href":"https:\/\/www.breeder.lanrel.eu\/pl\/wp-json\/wp\/v2\/product_tag?post=6144"}],"curies":[{"name":"wp","href":"https:\/\/api.w.org\/{rel}","templated":true}]}}