{"id":6297,"date":"2025-09-26T17:08:43","date_gmt":"2025-09-26T15:08:43","guid":{"rendered":"https:\/\/breeder.lanrel.eu\/?post_type=product&#038;p=6297"},"modified":"2026-04-05T13:19:32","modified_gmt":"2026-04-05T11:19:32","slug":"fukumaru-mixed-cat-litter-neroli-scent-10-kg","status":"publish","type":"product","link":"https:\/\/www.breeder.lanrel.eu\/pl\/produkt\/fukumaru-mixed-cat-litter-neroli-scent-10-kg\/","title":{"rendered":"FUKUMARU Mieszany \u017bwirek Dla Kota (O Zapachu Neroli)"},"content":{"rendered":"<h1>G\u0142o\u0301wne cechy:<\/h1>\n<div class=\"page\" title=\"Page 7\">\n<div class=\"layoutArea\">\n<div class=\"column\">\n<ul>\n<li><strong>Mieszany \u017cwirek dla kota z w\u0142\u00f3knami fasol i inaturaln\u0105 glink\u0105<\/strong><\/li>\n<\/ul>\n<p>Naukowe proporcje, bardzo ch\u0142onny<\/p>\n<div class=\"page\" title=\"Page 7\">\n<div class=\"layoutArea\">\n<div class=\"column\">\n<ul>\n<li><strong>Uczucie jak na pustyni<\/strong><\/li>\n<\/ul>\n<div class=\"page\" title=\"Page 7\">\n<div class=\"layoutArea\">\n<div class=\"column\">\n<p>\u00a0 \u00a0 \u00a0 \u00a0 \u00a0 Komfortowe uczucie i nie\u0142atwe do zabrania na zewn\u0105trz<\/p>\n<div class=\"page\" title=\"Page 7\">\n<div class=\"layoutArea\">\n<div class=\"column\">\n<ul>\n<li><strong>Absorpcja wody \u2265200%<\/strong><\/li>\n<\/ul>\n<div class=\"page\" title=\"Page 7\">\n<div class=\"layoutArea\">\n<div class=\"column\">\n<p>\u00a0 \u00a0 \u00a0 \u00a0 \u00a0 \u00a0Natychmiastowe wch\u0142anianie w przypadku zbrylania;ch\u0142onno\u015b\u0107 jest podwojona<\/p>\n<h1><strong>Opis produktu<\/strong><\/h1>\n<p><img fetchpriority=\"high\" decoding=\"async\" class=\"alignnone size-full wp-image-6299\" src=\"http:\/\/breeder.lanrel.eu\/wp-content\/uploads\/2025\/09\/3-scaled.jpg\" alt=\"\" width=\"2560\" height=\"1049\" srcset=\"https:\/\/www.breeder.lanrel.eu\/wp-content\/uploads\/2025\/09\/3-scaled.jpg 2560w, https:\/\/www.breeder.lanrel.eu\/wp-content\/uploads\/2025\/09\/3-300x123.jpg 300w, https:\/\/www.breeder.lanrel.eu\/wp-content\/uploads\/2025\/09\/3-1024x420.jpg 1024w, https:\/\/www.breeder.lanrel.eu\/wp-content\/uploads\/2025\/09\/3-768x315.jpg 768w, https:\/\/www.breeder.lanrel.eu\/wp-content\/uploads\/2025\/09\/3-1536x630.jpg 1536w, https:\/\/www.breeder.lanrel.eu\/wp-content\/uploads\/2025\/09\/3-2048x839.jpg 2048w, https:\/\/www.breeder.lanrel.eu\/wp-content\/uploads\/2025\/09\/3-18x7.jpg 18w, https:\/\/www.breeder.lanrel.eu\/wp-content\/uploads\/2025\/09\/3-600x246.jpg 600w\" sizes=\"(max-width: 2560px) 100vw, 2560px\" \/><\/p>\n<p><img decoding=\"async\" class=\"alignnone size-full wp-image-6300\" src=\"http:\/\/breeder.lanrel.eu\/wp-content\/uploads\/2025\/09\/4-scaled.jpg\" alt=\"\" width=\"2560\" height=\"1049\" srcset=\"https:\/\/www.breeder.lanrel.eu\/wp-content\/uploads\/2025\/09\/4-scaled.jpg 2560w, https:\/\/www.breeder.lanrel.eu\/wp-content\/uploads\/2025\/09\/4-300x123.jpg 300w, https:\/\/www.breeder.lanrel.eu\/wp-content\/uploads\/2025\/09\/4-1024x420.jpg 1024w, https:\/\/www.breeder.lanrel.eu\/wp-content\/uploads\/2025\/09\/4-768x315.jpg 768w, https:\/\/www.breeder.lanrel.eu\/wp-content\/uploads\/2025\/09\/4-1536x630.jpg 1536w, https:\/\/www.breeder.lanrel.eu\/wp-content\/uploads\/2025\/09\/4-2048x839.jpg 2048w, https:\/\/www.breeder.lanrel.eu\/wp-content\/uploads\/2025\/09\/4-18x7.jpg 18w, https:\/\/www.breeder.lanrel.eu\/wp-content\/uploads\/2025\/09\/4-600x246.jpg 600w\" sizes=\"(max-width: 2560px) 100vw, 2560px\" \/><\/p>\n<p><img decoding=\"async\" class=\"alignnone size-full wp-image-6301\" src=\"http:\/\/breeder.lanrel.eu\/wp-content\/uploads\/2025\/09\/5-scaled.jpg\" alt=\"\" width=\"2560\" height=\"1049\" srcset=\"https:\/\/www.breeder.lanrel.eu\/wp-content\/uploads\/2025\/09\/5-scaled.jpg 2560w, https:\/\/www.breeder.lanrel.eu\/wp-content\/uploads\/2025\/09\/5-300x123.jpg 300w, https:\/\/www.breeder.lanrel.eu\/wp-content\/uploads\/2025\/09\/5-1024x420.jpg 1024w, https:\/\/www.breeder.lanrel.eu\/wp-content\/uploads\/2025\/09\/5-768x315.jpg 768w, https:\/\/www.breeder.lanrel.eu\/wp-content\/uploads\/2025\/09\/5-1536x630.jpg 1536w, https:\/\/www.breeder.lanrel.eu\/wp-content\/uploads\/2025\/09\/5-2048x839.jpg 2048w, https:\/\/www.breeder.lanrel.eu\/wp-content\/uploads\/2025\/09\/5-18x7.jpg 18w, https:\/\/www.breeder.lanrel.eu\/wp-content\/uploads\/2025\/09\/5-600x246.jpg 600w\" sizes=\"(max-width: 2560px) 100vw, 2560px\" \/><\/p>\n<p>&nbsp;<\/p>\n<\/div>\n<\/div>\n<\/div>\n<\/div>\n<\/div>\n<\/div>\n<\/div>\n<\/div>\n<\/div>\n<\/div>\n<\/div>\n<\/div>\n<\/div>\n<\/div>\n<\/div>","protected":false},"excerpt":{"rendered":"<p>Informacje o produkcie:<\/p>\n<p>Dla jakiego pupila: Kot<\/p>\n<p>Scent\uff1aNeroli<\/p>\n<p>Faza \u017cycia: Wszystkie etapy \u017cycia<\/p>\n<p>Kraj pochodzenia: Chiny<\/p>\n<p>Waga: 10kg<\/p>\n<p>Zawartos\u0301c\u0301: Mieszany z\u0307wirek dla kota<\/p>\n<div class=\"page\" title=\"Page 3\">\n<div class=\"layoutArea\">\n<div class=\"column\">\n<p>Sk\u0142adniki<\/p>\n<div class=\"page\" title=\"Page 7\">\n<div class=\"layoutArea\">\n<div class=\"column\">\n<p>70% tofu<\/p>\n<\/div>\n<\/div>\n<\/div>\n<div class=\"page\" title=\"Page 7\">\n<div class=\"layoutArea\">\n<div class=\"column\">\n<p>30% naturalnej glinki sodowej importowanej z Turcji<\/p>\n<\/div>\n<\/div>\n<\/div>\n<\/div>\n<\/div>\n<\/div>\n<p>Okres przechowywania: 2 lata<\/p>\n<p>&nbsp;<\/p>","protected":false},"featured_media":6386,"comment_status":"open","ping_status":"closed","template":"","meta":{"om_disable_all_campaigns":false,"inline_featured_image":false},"product_brand":[],"product_cat":[35,37],"product_tag":[],"class_list":{"0":"post-6297","1":"product","2":"type-product","3":"status-publish","4":"has-post-thumbnail","6":"product_cat-cat-litter","7":"product_cat-fukumaru","9":"first","10":"instock","11":"taxable","12":"shipping-taxable","13":"product-type-simple"},"_links":{"self":[{"href":"https:\/\/www.breeder.lanrel.eu\/pl\/wp-json\/wp\/v2\/product\/6297","targetHints":{"allow":["GET"]}}],"collection":[{"href":"https:\/\/www.breeder.lanrel.eu\/pl\/wp-json\/wp\/v2\/product"}],"about":[{"href":"https:\/\/www.breeder.lanrel.eu\/pl\/wp-json\/wp\/v2\/types\/product"}],"replies":[{"embeddable":true,"href":"https:\/\/www.breeder.lanrel.eu\/pl\/wp-json\/wp\/v2\/comments?post=6297"}],"wp:featuredmedia":[{"embeddable":true,"href":"https:\/\/www.breeder.lanrel.eu\/pl\/wp-json\/wp\/v2\/media\/6386"}],"wp:attachment":[{"href":"https:\/\/www.breeder.lanrel.eu\/pl\/wp-json\/wp\/v2\/media?parent=6297"}],"wp:term":[{"taxonomy":"product_brand","embeddable":true,"href":"https:\/\/www.breeder.lanrel.eu\/pl\/wp-json\/wp\/v2\/product_brand?post=6297"},{"taxonomy":"product_cat","embeddable":true,"href":"https:\/\/www.breeder.lanrel.eu\/pl\/wp-json\/wp\/v2\/product_cat?post=6297"},{"taxonomy":"product_tag","embeddable":true,"href":"https:\/\/www.breeder.lanrel.eu\/pl\/wp-json\/wp\/v2\/product_tag?post=6297"}],"curies":[{"name":"wp","href":"https:\/\/api.w.org\/{rel}","templated":true}]}}